{"id":2370,"date":"2020-10-29T10:49:21","date_gmt":"2020-10-29T10:49:21","guid":{"rendered":"http:\/\/gus-technik.de\/?page_id=2370"},"modified":"2025-10-23T15:25:52","modified_gmt":"2025-10-23T14:25:52","slug":"download","status":"publish","type":"page","link":"https:\/\/gus-technik.de\/?page_id=2370","title":{"rendered":"DOWNLOAD"},"content":{"rendered":"<section class=\"wpb-content-wrapper\"><p>[vc_row css=&#8220;.vc_custom_1604049135310{padding-bottom: 30px !important;}&#8220;][vc_column]<h3 class='heading-left  divider-modern' ><span>Wir leben Qualit\u00e4t!<\/span><\/h3>[\/vc_column][\/vc_row][vc_row full_height=&#8220;yes&#8220;][vc_column width=&#8220;1\/3&#8243;][vc_column_text]Unser Qualit\u00e4tsmanagementsystem wird regelm\u00e4\u00dfig intern sowie extern auditiert.<\/p>\n<p>Wir sind zertifiziert nach DIN EN ISO 9001:2015[\/vc_column_text][\/vc_column][vc_column width=&#8220;1\/3&#8243;][vc_single_image image=&#8220;2723&#8243; img_size=&#8220;large&#8220; onclick=&#8220;custom_link&#8220; img_link_target=&#8220;_blank&#8220; link=&#8220;http:\/\/gus-technik.de\/wp-content\/uploads\/2020\/11\/Zertifikat-ISO-9001_2015.pdf&#8220;][\/vc_column][vc_column width=&#8220;1\/3&#8243;][vc_row_inner][vc_column_inner]<a id='button-id-' target='_self' href='http:\/\/gus-technik.de\/wp-content\/uploads\/2025\/10\/Zertifikat_ISO-9001_2015_deutsch.pdf' class='btn btn-light btn-lg' style='color: #0e2838;background-color: #ffffff'><i class='fa fas fa-cloud-download-alt'><\/i> ZERTIFIKAT ENGLISCH 20.10.2025<\/a><style>#button-id-:hover{color: #1e73be !important;}<\/style>[\/vc_column_inner][vc_column_inner]<a id='button-id-1' target='_self' href='http:\/\/gus-technik.de\/wp-content\/uploads\/2025\/10\/Zertifikat_ISO-9001_2015_deutsch.pdf' class='btn btn-light btn-lg' style='color: #0e2838;background-color: #ffffff'><i class='fa fas fa-cloud-download-alt'><\/i> ZERTIFIKAT DEUTSCH 20.10.2025<\/a><style>#button-id-1:hover{color: #1e73be !important;background-color: #ffffff !important;}<\/style>[\/vc_column_inner][\/vc_row_inner][\/vc_column][\/vc_row]<\/p>\n<\/section>","protected":false},"excerpt":{"rendered":"<p>[vc_row css=&#8220;.vc_custom_1604049135310{padding-bottom: 30px !important;}&#8220;][vc_column][\/vc_column][\/vc_row][vc_row full_height=&#8220;yes&#8220;][vc_column width=&#8220;1\/3&#8243;][vc_column_text]Unser Qualit\u00e4tsmanagementsystem wird regelm\u00e4\u00dfig intern sowie extern auditiert. Wir sind zertifiziert nach DIN EN ISO 9001:2015[\/vc_column_text][\/vc_column][vc_column width=&#8220;1\/3&#8243;][vc_single_image image=&#8220;2723&#8243; img_size=&#8220;large&#8220; onclick=&#8220;custom_link&#8220; img_link_target=&#8220;_blank&#8220; link=&#8220;http:\/\/gus-technik.de\/wp-content\/uploads\/2020\/11\/Zertifikat-ISO-9001_2015.pdf&#8220;][\/vc_column][vc_column width=&#8220;1\/3&#8243;][vc_row_inner][vc_column_inner][\/vc_column_inner][vc_column_inner][\/vc_column_inner][\/vc_row_inner][\/vc_column][\/vc_row]<\/p>\n","protected":false},"author":1,"featured_media":0,"parent":2288,"menu_order":2,"comment_status":"closed","ping_status":"closed","template":"","meta":[],"_links":{"self":[{"href":"https:\/\/gus-technik.de\/index.php?rest_route=\/wp\/v2\/pages\/2370"}],"collection":[{"href":"https:\/\/gus-technik.de\/index.php?rest_route=\/wp\/v2\/pages"}],"about":[{"href":"https:\/\/gus-technik.de\/index.php?rest_route=\/wp\/v2\/types\/page"}],"author":[{"embeddable":true,"href":"https:\/\/gus-technik.de\/index.php?rest_route=\/wp\/v2\/users\/1"}],"replies":[{"embeddable":true,"href":"https:\/\/gus-technik.de\/index.php?rest_route=%2Fwp%2Fv2%2Fcomments&post=2370"}],"version-history":[{"count":14,"href":"https:\/\/gus-technik.de\/index.php?rest_route=\/wp\/v2\/pages\/2370\/revisions"}],"predecessor-version":[{"id":2872,"href":"https:\/\/gus-technik.de\/index.php?rest_route=\/wp\/v2\/pages\/2370\/revisions\/2872"}],"up":[{"embeddable":true,"href":"https:\/\/gus-technik.de\/index.php?rest_route=\/wp\/v2\/pages\/2288"}],"wp:attachment":[{"href":"https:\/\/gus-technik.de\/index.php?rest_route=%2Fwp%2Fv2%2Fmedia&parent=2370"}],"curies":[{"name":"wp","href":"https:\/\/api.w.org\/{rel}","templated":true}]}}