{"id":2368,"date":"2020-10-29T10:48:23","date_gmt":"2020-10-29T10:48:23","guid":{"rendered":"http:\/\/gus-technik.de\/?page_id=2368"},"modified":"2022-04-01T09:33:42","modified_gmt":"2022-04-01T09:33:42","slug":"messtechnik","status":"publish","type":"page","link":"http:\/\/gus-technik.de\/?page_id=2368","title":{"rendered":"MESSTECHNIK"},"content":{"rendered":"<section class=\"wpb-content-wrapper\"><p>[vc_row css=&#8220;.vc_custom_1602831599429{padding-bottom: 30px !important;}&#8220;][vc_column]<h2 class='heading-left  divider-sm'  style='color: #0e2838'><span>MESSTECHNIK<\/span><\/h2>[\/vc_column][\/vc_row][vc_row full_height=&#8220;yes&#8220; equal_height=&#8220;yes&#8220;][vc_column width=&#8220;1\/3&#8243;][vc_single_image image=&#8220;2729&#8243; img_size=&#8220;full&#8220;][\/vc_column][vc_column width=&#8220;2\/3&#8243;]<h5 class='heading-left  divider-modern' ><span>Klimatisierte Messtechnik<\/span><\/h5><h5 class='heading-left  divider-modern' ><span>3D-KOORDINATENMESSMASCHINE<\/span><\/h5><h5 class='heading-left  divider-modern' ><span>TASTERSYSTEM MIT DREH- UND SCHWENKKOPF<\/span><\/h5><h5 class='heading-left  divider-modern' ><span>MESSEN NACH KUNDENVORGABE<\/span><\/h5><h5 class='heading-left  divider-modern' ><span>Profilscannen<\/span><\/h5><h5 class='heading-left  divider-modern' ><span>Rauhtiefen-Messeinrichtungen<\/span><\/h5><h5 class='heading-left  divider-modern' ><span>Rundheitspr\u00fcfung<\/span><\/h5>[\/vc_column][\/vc_row][vc_row css=&#8220;.vc_custom_1602831923374{padding-bottom: 30px !important;}&#8220;][\/vc_row][vc_row css=&#8220;.vc_custom_1604049694712{padding-bottom: 30px !important;}&#8220;][vc_column]<h3 class='heading-left  divider-sm' ><span>Qualit\u00e4tspr\u00fcfung<\/span><\/h3>[\/vc_column][\/vc_row][vc_row][vc_column][vc_column_text]<em>WARENEINGANGSPR\u00dcFUNG:<\/em><\/p>\n<p>Wir arbeiten mit ausgew\u00e4hlten Lieferanten zusammen. In unser Unternehmen gelangen nur Produkte, die einen gesicherten Fertigungsprozess gew\u00e4hrleisten.<\/p>\n<p><em>FERTIGUNGSPR\u00dcFUNG:<\/em><\/p>\n<p>Zu jedem Fertigungsauftrag gibt es auch einen Pr\u00fcfplan, den unsere zuverl\u00e4ssigen Facharbeiter ausf\u00fchren und dokumentieren. Hierf\u00fcr stehen uns modernste Messmittel und Messmaschinen zur Verf\u00fcgung, wie z.B. unsere 3D Messmaschine von Tesa.<\/p>\n<p><em>PR\u00dcFMITTEL\u00dcBERWACHUNG: <\/em><\/p>\n<p>Unsere Messmittel werden in regelm\u00e4\u00dfigen Intervallen kalibriert, intern und extern \u00fcberwacht.<\/p>\n<p><em>MESSPROTOKOLL:<\/em><\/p>\n<p>Messprotokolle, Erstmusterpr\u00fcfberichte, Abnahmepr\u00fcfzeugnisse etc. werden nach Kundenanforderung erstellt und ausgeliefert.[\/vc_column_text][\/vc_column][\/vc_row][vc_column_text][\/vc_column_text]<\/p>\n<\/section>","protected":false},"excerpt":{"rendered":"<p>[vc_row css=&#8220;.vc_custom_1602831599429{padding-bottom: 30px !important;}&#8220;][vc_column][\/vc_column][\/vc_row][vc_row full_height=&#8220;yes&#8220; equal_height=&#8220;yes&#8220;][vc_column width=&#8220;1\/3&#8243;][vc_single_image image=&#8220;2729&#8243; img_size=&#8220;full&#8220;][\/vc_column][vc_column width=&#8220;2\/3&#8243;][\/vc_column][\/vc_row][vc_row css=&#8220;.vc_custom_1602831923374{padding-bottom: 30px !important;}&#8220;][\/vc_row][vc_row css=&#8220;.vc_custom_1604049694712{padding-bottom: 30px !important;}&#8220;][vc_column][\/vc_column][\/vc_row][vc_row][vc_column][vc_column_text]WARENEINGANGSPR\u00dcFUNG: Wir arbeiten mit ausgew\u00e4hlten Lieferanten zusammen. In unser Unternehmen gelangen nur Produkte, die einen gesicherten Fertigungsprozess gew\u00e4hrleisten. FERTIGUNGSPR\u00dcFUNG: Zu jedem Fertigungsauftrag gibt es auch &hellip;<\/p>\n","protected":false},"author":1,"featured_media":0,"parent":2288,"menu_order":0,"comment_status":"closed","ping_status":"closed","template":"","meta":[],"_links":{"self":[{"href":"http:\/\/gus-technik.de\/index.php?rest_route=\/wp\/v2\/pages\/2368"}],"collection":[{"href":"http:\/\/gus-technik.de\/index.php?rest_route=\/wp\/v2\/pages"}],"about":[{"href":"http:\/\/gus-technik.de\/index.php?rest_route=\/wp\/v2\/types\/page"}],"author":[{"embeddable":true,"href":"http:\/\/gus-technik.de\/index.php?rest_route=\/wp\/v2\/users\/1"}],"replies":[{"embeddable":true,"href":"http:\/\/gus-technik.de\/index.php?rest_route=%2Fwp%2Fv2%2Fcomments&post=2368"}],"version-history":[{"count":12,"href":"http:\/\/gus-technik.de\/index.php?rest_route=\/wp\/v2\/pages\/2368\/revisions"}],"predecessor-version":[{"id":2730,"href":"http:\/\/gus-technik.de\/index.php?rest_route=\/wp\/v2\/pages\/2368\/revisions\/2730"}],"up":[{"embeddable":true,"href":"http:\/\/gus-technik.de\/index.php?rest_route=\/wp\/v2\/pages\/2288"}],"wp:attachment":[{"href":"http:\/\/gus-technik.de\/index.php?rest_route=%2Fwp%2Fv2%2Fmedia&parent=2368"}],"curies":[{"name":"wp","href":"https:\/\/api.w.org\/{rel}","templated":true}]}}